{"id":5292,"date":"2023-11-02T16:05:57","date_gmt":"2023-11-02T16:05:57","guid":{"rendered":"https:\/\/aitanasanchez.es\/sobre-el-despatx\/"},"modified":"2024-07-02T09:00:33","modified_gmt":"2024-07-02T09:00:33","slug":"sobre-el-despatx","status":"publish","type":"page","link":"https:\/\/aitanasanchez.es\/ca\/sobre-el-despatx\/","title":{"rendered":"Sobre el despatx"},"content":{"rendered":"\t\t<div data-elementor-type=\"wp-page\" data-elementor-id=\"5292\" class=\"elementor elementor-5292 elementor-4271\" data-elementor-post-type=\"page\">\n\t\t\t\t\t\t<section class=\"elementor-section elementor-top-section elementor-element elementor-element-6aa24c04 elementor-section-boxed elementor-section-height-default elementor-section-height-default\" data-id=\"6aa24c04\" data-element_type=\"section\">\n\t\t\t\t\t\t<div class=\"elementor-container elementor-column-gap-default\">\n\t\t\t\t\t<div class=\"elementor-column elementor-col-100 elementor-top-column elementor-element elementor-element-336d44c2\" data-id=\"336d44c2\" data-element_type=\"column\">\n\t\t\t<div class=\"elementor-widget-wrap elementor-element-populated\">\n\t\t\t\t\t\t<div class=\"elementor-element elementor-element-795214cb elementor-widget elementor-widget-heading\" data-id=\"795214cb\" data-element_type=\"widget\" data-widget_type=\"heading.default\">\n\t\t\t\t<div class=\"elementor-widget-container\">\n\t\t\t\t\t<h4 class=\"elementor-heading-title elementor-size-default\">Sobre el nostre despatx<\/h4>\t\t\t\t<\/div>\n\t\t\t\t<\/div>\n\t\t\t\t<div class=\"elementor-element elementor-element-c04c11f elementor-widget elementor-widget-heading\" data-id=\"c04c11f\" data-element_type=\"widget\" data-widget_type=\"heading.default\">\n\t\t\t\t<div class=\"elementor-widget-container\">\n\t\t\t\t\t<h2 class=\"elementor-heading-title elementor-size-default\">Aitana S\u00e1nchez Advocats<\/h2>\t\t\t\t<\/div>\n\t\t\t\t<\/div>\n\t\t\t\t\t<\/div>\n\t\t<\/div>\n\t\t\t\t\t<\/div>\n\t\t<\/section>\n\t\t\t\t<section class=\"elementor-section elementor-top-section elementor-element elementor-element-3628c74b elementor-section-boxed elementor-section-height-default elementor-section-height-default\" data-id=\"3628c74b\" data-element_type=\"section\">\n\t\t\t\t\t\t<div class=\"elementor-container elementor-column-gap-default\">\n\t\t\t\t\t<div class=\"elementor-column elementor-col-50 elementor-top-column elementor-element elementor-element-5014749e\" data-id=\"5014749e\" data-element_type=\"column\">\n\t\t\t<div class=\"elementor-widget-wrap elementor-element-populated\">\n\t\t\t\t\t\t<div class=\"elementor-element elementor-element-7cd05e8a elementor-widget elementor-widget-text-editor\" data-id=\"7cd05e8a\" data-element_type=\"widget\" data-widget_type=\"text-editor.default\">\n\t\t\t\t<div class=\"elementor-widget-container\">\n\t\t\t\t\t\t\t\t\t<p><strong><span style=\"color: #808080;\">Aitana S\u00e1nchez Advocats \u00e9s un despatx fundat i dirigit per Aitana S\u00e1nchez Jim\u00e9nez-Pajarero.<\/span><\/strong><\/p>\n<p><strong><span style=\"color: #808080;\">El despatx presta serveis a persones f\u00edsiques i jur\u00eddiques en diferents condicions i estats processals.<\/span><\/strong><\/p>\n<p><strong><span style=\"color: #808080;\">Aix\u00ed mateix, \u00e9s destacable la seva activitat d&#8217;assessorament a particulars que estan desemparats davant d&#8217;errors o injust\u00edcies propiciades o comeses per l&#8217;Administraci\u00f3.<\/span><\/strong><\/p>\n<p><strong><span style=\"color: #808080;\">El bufet compta amb advocats i col\u00b7laboradors d&#8217;altres \u00e0rees del dret per oferir al client una atenci\u00f3 global i altament especialitzada, a m\u00e9s de tots els mitjans tecnol\u00f2gics i materials que contribueixin a un servei \u00f2ptim.<\/span><\/strong><\/p>\n<p><strong><span style=\"color: #808080;\">Actuem a tot el territori nacional i podem coordinar-nos amb altres despatxos d&#8217;altres especialitats.<\/span><\/strong><\/p>\n<p><strong><span style=\"color: #808080;\">Tamb\u00e9 podem oferir cooperacions amb els gabinets pericials m\u00e9s prestigiosos del pa\u00eds.<\/span><\/strong><\/p>\n<p><strong><span style=\"color: #808080;\">Des d&#8217;Aitana S\u00e1nchez Advocats s&#8217;acompanya els clients des de l&#8217;atenci\u00f3 i l&#8217;escolta amb un tractament personalitzat a cada cas.<\/span><\/strong><\/p>\n<p><strong><span style=\"color: #808080;\">El respecte i la dignitat dels clients integren la finalitat principal del treball en un esfor\u00e7 per corregir i restablir situacions injustes en qu\u00e8 el despatx cerca solucions legals per a cadascun dels seus clients.<\/span><\/strong><\/p>\n\t\t\t\t\t\t\t\t<\/div>\n\t\t\t\t<\/div>\n\t\t\t\t\t<\/div>\n\t\t<\/div>\n\t\t\t\t<div class=\"elementor-column elementor-col-50 elementor-top-column elementor-element elementor-element-14a92913\" data-id=\"14a92913\" data-element_type=\"column\">\n\t\t\t<div class=\"elementor-widget-wrap elementor-element-populated\">\n\t\t\t\t\t\t<div class=\"elementor-element elementor-element-639c52c elementor-widget elementor-widget-spacer\" data-id=\"639c52c\" data-element_type=\"widget\" data-widget_type=\"spacer.default\">\n\t\t\t\t<div class=\"elementor-widget-container\">\n\t\t\t\t\t\t\t<div class=\"elementor-spacer\">\n\t\t\t<div class=\"elementor-spacer-inner\"><\/div>\n\t\t<\/div>\n\t\t\t\t\t\t<\/div>\n\t\t\t\t<\/div>\n\t\t\t\t<section class=\"elementor-section elementor-inner-section elementor-element elementor-element-67b8602b elementor-section-height-min-height elementor-section-content-space-between elementor-section-boxed elementor-section-height-default\" data-id=\"67b8602b\" data-element_type=\"section\">\n\t\t\t\t\t\t<div class=\"elementor-container elementor-column-gap-wider\">\n\t\t\t\t\t<div class=\"elementor-column elementor-col-100 elementor-inner-column elementor-element elementor-element-1ef71389\" data-id=\"1ef71389\" data-element_type=\"column\" data-settings=\"{&quot;background_background&quot;:&quot;classic&quot;}\">\n\t\t\t<div class=\"elementor-widget-wrap elementor-element-populated\">\n\t\t\t\t\t\t<div class=\"elementor-element elementor-element-dc2d793 elementor-widget elementor-widget-heading\" data-id=\"dc2d793\" data-element_type=\"widget\" data-widget_type=\"heading.default\">\n\t\t\t\t<div class=\"elementor-widget-container\">\n\t\t\t\t\t<h2 class=\"elementor-heading-title elementor-size-default\">Tel\u00e8fon del despatx<\/h2>\t\t\t\t<\/div>\n\t\t\t\t<\/div>\n\t\t\t\t<div class=\"elementor-element elementor-element-3de899ae elementor-widget elementor-widget-heading\" data-id=\"3de899ae\" data-element_type=\"widget\" data-widget_type=\"heading.default\">\n\t\t\t\t<div class=\"elementor-widget-container\">\n\t\t\t\t\t<h2 class=\"elementor-heading-title elementor-size-default\"><a href=\"http:\/\/+34%20937%2004%2027%2042\">+34 937 04 27 42<\/a><\/h2>\t\t\t\t<\/div>\n\t\t\t\t<\/div>\n\t\t\t\t<div class=\"elementor-element elementor-element-69ba5a99 elementor-widget elementor-widget-heading\" data-id=\"69ba5a99\" data-element_type=\"widget\" data-widget_type=\"heading.default\">\n\t\t\t\t<div class=\"elementor-widget-container\">\n\t\t\t\t\t<h2 class=\"elementor-heading-title elementor-size-default\">Correu electr\u00f2nic<\/h2>\t\t\t\t<\/div>\n\t\t\t\t<\/div>\n\t\t\t\t<div class=\"elementor-element elementor-element-1189723f elementor-widget elementor-widget-heading\" data-id=\"1189723f\" data-element_type=\"widget\" data-widget_type=\"heading.default\">\n\t\t\t\t<div class=\"elementor-widget-container\">\n\t\t\t\t\t<h2 class=\"elementor-heading-title elementor-size-default\"><a href=\"http:\/\/aitana@aitanasanchez.es\">aitana@aitanasanchez.es<\/a><\/h2>\t\t\t\t<\/div>\n\t\t\t\t<\/div>\n\t\t\t\t<div class=\"elementor-element elementor-element-72c71db5 elementor-icon-list--layout-inline elementor-align-left elementor-list-item-link-full_width elementor-widget elementor-widget-icon-list\" data-id=\"72c71db5\" data-element_type=\"widget\" data-widget_type=\"icon-list.default\">\n\t\t\t\t<div class=\"elementor-widget-container\">\n\t\t\t\t\t\t\t<ul class=\"elementor-icon-list-items elementor-inline-items\">\n\t\t\t\t\t\t\t<li class=\"elementor-icon-list-item elementor-inline-item\">\n\t\t\t\t\t\t\t\t\t\t\t<span class=\"elementor-icon-list-icon\">\n\t\t\t\t\t\t\t<i aria-hidden=\"true\" class=\"fab fa-twitter\"><\/i>\t\t\t\t\t\t<\/span>\n\t\t\t\t\t\t\t\t\t\t<span class=\"elementor-icon-list-text\"><\/span>\n\t\t\t\t\t\t\t\t\t<\/li>\n\t\t\t\t\t\t\t\t<li class=\"elementor-icon-list-item elementor-inline-item\">\n\t\t\t\t\t\t\t\t\t\t\t<a href=\"https:\/\/www.linkedin.com\/in\/aitana-s%C3%A1nchez-jimenez-pajarero-2018657b\/\">\n\n\t\t\t\t\t\t\t\t\t\t\t\t<span class=\"elementor-icon-list-icon\">\n\t\t\t\t\t\t\t<i aria-hidden=\"true\" class=\"fab fa-linkedin-in\"><\/i>\t\t\t\t\t\t<\/span>\n\t\t\t\t\t\t\t\t\t\t<span class=\"elementor-icon-list-text\"><\/span>\n\t\t\t\t\t\t\t\t\t\t\t<\/a>\n\t\t\t\t\t\t\t\t\t<\/li>\n\t\t\t\t\t\t<\/ul>\n\t\t\t\t\t\t<\/div>\n\t\t\t\t<\/div>\n\t\t\t\t\t<\/div>\n\t\t<\/div>\n\t\t\t\t\t<\/div>\n\t\t<\/section>\n\t\t\t\t<div class=\"elementor-element elementor-element-429699c elementor-widget elementor-widget-spacer\" data-id=\"429699c\" data-element_type=\"widget\" data-widget_type=\"spacer.default\">\n\t\t\t\t<div class=\"elementor-widget-container\">\n\t\t\t\t\t\t\t<div class=\"elementor-spacer\">\n\t\t\t<div class=\"elementor-spacer-inner\"><\/div>\n\t\t<\/div>\n\t\t\t\t\t\t<\/div>\n\t\t\t\t<\/div>\n\t\t\t\t\t<\/div>\n\t\t<\/div>\n\t\t\t\t\t<\/div>\n\t\t<\/section>\n\t\t\t\t<section class=\"elementor-section elementor-top-section elementor-element elementor-element-52044445 elementor-section-boxed elementor-section-height-default elementor-section-height-default\" data-id=\"52044445\" data-element_type=\"section\">\n\t\t\t\t\t\t<div class=\"elementor-container elementor-column-gap-default\">\n\t\t\t\t\t<div class=\"elementor-column elementor-col-50 elementor-top-column elementor-element elementor-element-59eb5174\" data-id=\"59eb5174\" data-element_type=\"column\">\n\t\t\t<div class=\"elementor-widget-wrap elementor-element-populated\">\n\t\t\t\t\t\t<div class=\"elementor-element elementor-element-3f06ed61 elementor-widget elementor-widget-heading\" data-id=\"3f06ed61\" data-element_type=\"widget\" data-widget_type=\"heading.default\">\n\t\t\t\t<div class=\"elementor-widget-container\">\n\t\t\t\t\t<h2 class=\"elementor-heading-title elementor-size-default\">Especialitats<\/h2>\t\t\t\t<\/div>\n\t\t\t\t<\/div>\n\t\t\t\t<div class=\"elementor-element elementor-element-63a637d6 elementor-widget elementor-widget-text-editor\" data-id=\"63a637d6\" data-element_type=\"widget\" data-widget_type=\"text-editor.default\">\n\t\t\t\t<div class=\"elementor-widget-container\">\n\t\t\t\t\t\t\t\t\t<p><strong><span style=\"color: #808080;\">Al despatx Aitana S\u00e1nchez Advocats hem exercit en diferents \u00e0rees legals tenint com a principal focus el Dret Sanitari i el Dret Penal amb un marcat \u00e8mfasi en els casos seg\u00fcents: <\/span><\/strong><\/p>\n\t\t\t\t\t\t\t\t<\/div>\n\t\t\t\t<\/div>\n\t\t\t\t<div class=\"elementor-element elementor-element-2525a2e8 elementor-widget elementor-widget-progress\" data-id=\"2525a2e8\" data-element_type=\"widget\" data-widget_type=\"progress.default\">\n\t\t\t\t<div class=\"elementor-widget-container\">\n\t\t\t\t\t\t\t\t<span class=\"elementor-title\" id=\"elementor-progress-bar-2525a2e8\">\n\t\t\t\tNeglig\u00e8ncies m\u00e8diques\t\t\t<\/span>\n\t\t\n\t\t<div aria-labelledby=\"elementor-progress-bar-2525a2e8\" class=\"elementor-progress-wrapper\" role=\"progressbar\" aria-valuemin=\"0\" aria-valuemax=\"100\" aria-valuenow=\"98\">\n\t\t\t<div class=\"elementor-progress-bar\" data-max=\"98\">\n\t\t\t\t<span class=\"elementor-progress-text\"><\/span>\n\t\t\t\t\t\t\t\t\t<span class=\"elementor-progress-percentage\">98%<\/span>\n\t\t\t\t\t\t\t<\/div>\n\t\t<\/div>\n\t\t\t\t\t\t<\/div>\n\t\t\t\t<\/div>\n\t\t\t\t<div class=\"elementor-element elementor-element-68299574 elementor-widget elementor-widget-progress\" data-id=\"68299574\" data-element_type=\"widget\" data-widget_type=\"progress.default\">\n\t\t\t\t<div class=\"elementor-widget-container\">\n\t\t\t\t\t\t\t\t<span class=\"elementor-title\" id=\"elementor-progress-bar-68299574\">\n\t\t\t\tAccidents laborals\t\t\t<\/span>\n\t\t\n\t\t<div aria-labelledby=\"elementor-progress-bar-68299574\" class=\"elementor-progress-wrapper\" role=\"progressbar\" aria-valuemin=\"0\" aria-valuemax=\"100\" aria-valuenow=\"94\">\n\t\t\t<div class=\"elementor-progress-bar\" data-max=\"94\">\n\t\t\t\t<span class=\"elementor-progress-text\"><\/span>\n\t\t\t\t\t\t\t\t\t<span class=\"elementor-progress-percentage\">94%<\/span>\n\t\t\t\t\t\t\t<\/div>\n\t\t<\/div>\n\t\t\t\t\t\t<\/div>\n\t\t\t\t<\/div>\n\t\t\t\t<div class=\"elementor-element elementor-element-1404e20 elementor-widget elementor-widget-progress\" data-id=\"1404e20\" data-element_type=\"widget\" data-widget_type=\"progress.default\">\n\t\t\t\t<div class=\"elementor-widget-container\">\n\t\t\t\t\t\t\t\t<span class=\"elementor-title\" id=\"elementor-progress-bar-1404e20\">\n\t\t\t\tAccidents de tr\u00e0nsit\t\t\t<\/span>\n\t\t\n\t\t<div aria-labelledby=\"elementor-progress-bar-1404e20\" class=\"elementor-progress-wrapper\" role=\"progressbar\" aria-valuemin=\"0\" aria-valuemax=\"100\" aria-valuenow=\"89\">\n\t\t\t<div class=\"elementor-progress-bar\" data-max=\"89\">\n\t\t\t\t<span class=\"elementor-progress-text\"><\/span>\n\t\t\t\t\t\t\t\t\t<span class=\"elementor-progress-percentage\">89%<\/span>\n\t\t\t\t\t\t\t<\/div>\n\t\t<\/div>\n\t\t\t\t\t\t<\/div>\n\t\t\t\t<\/div>\n\t\t\t\t<div class=\"elementor-element elementor-element-739958ac elementor-widget elementor-widget-progress\" data-id=\"739958ac\" data-element_type=\"widget\" data-widget_type=\"progress.default\">\n\t\t\t\t<div class=\"elementor-widget-container\">\n\t\t\t\t\t\t\t\t<span class=\"elementor-title\" id=\"elementor-progress-bar-739958ac\">\n\t\t\t\tDret penal\t\t\t<\/span>\n\t\t\n\t\t<div aria-labelledby=\"elementor-progress-bar-739958ac\" class=\"elementor-progress-wrapper\" role=\"progressbar\" aria-valuemin=\"0\" aria-valuemax=\"100\" aria-valuenow=\"100\">\n\t\t\t<div class=\"elementor-progress-bar\" data-max=\"100\">\n\t\t\t\t<span class=\"elementor-progress-text\"><\/span>\n\t\t\t\t\t\t\t\t\t<span class=\"elementor-progress-percentage\">100%<\/span>\n\t\t\t\t\t\t\t<\/div>\n\t\t<\/div>\n\t\t\t\t\t\t<\/div>\n\t\t\t\t<\/div>\n\t\t\t\t\t<\/div>\n\t\t<\/div>\n\t\t\t\t<div class=\"elementor-column elementor-col-50 elementor-top-column elementor-element elementor-element-4473d054\" data-id=\"4473d054\" data-element_type=\"column\">\n\t\t\t<div class=\"elementor-widget-wrap elementor-element-populated\">\n\t\t\t\t\t\t<div class=\"elementor-element elementor-element-11898c48 elementor-hidden-mobile elementor-widget elementor-widget-image\" data-id=\"11898c48\" data-element_type=\"widget\" data-widget_type=\"image.default\">\n\t\t\t\t<div class=\"elementor-widget-container\">\n\t\t\t\t\t\t\t\t\t\t\t\t\t\t\t<img fetchpriority=\"high\" decoding=\"async\" width=\"2048\" height=\"1349\" src=\"https:\/\/aitanasanchez.es\/wp-content\/uploads\/2024\/03\/aitana-pag-sobre-despacho-2048x1349.jpg\" class=\"attachment-2048x2048 size-2048x2048 wp-image-5248\" alt=\"\" srcset=\"https:\/\/aitanasanchez.es\/wp-content\/uploads\/2024\/03\/aitana-pag-sobre-despacho-2048x1349.jpg 2048w, https:\/\/aitanasanchez.es\/wp-content\/uploads\/2024\/03\/aitana-pag-sobre-despacho-300x198.jpg 300w, https:\/\/aitanasanchez.es\/wp-content\/uploads\/2024\/03\/aitana-pag-sobre-despacho-1024x675.jpg 1024w, https:\/\/aitanasanchez.es\/wp-content\/uploads\/2024\/03\/aitana-pag-sobre-despacho-768x506.jpg 768w, https:\/\/aitanasanchez.es\/wp-content\/uploads\/2024\/03\/aitana-pag-sobre-despacho-1536x1012.jpg 1536w\" sizes=\"(max-width: 2048px) 100vw, 2048px\" \/>\t\t\t\t\t\t\t\t\t\t\t\t\t\t\t<\/div>\n\t\t\t\t<\/div>\n\t\t\t\t<div class=\"elementor-element elementor-element-3065e09e elementor-widget elementor-widget-text-editor\" data-id=\"3065e09e\" data-element_type=\"widget\" data-widget_type=\"text-editor.default\">\n\t\t\t\t<div class=\"elementor-widget-container\">\n\t\t\t\t\t\t\t\t\t<p><strong><span style=\"color: #808080;\">En els temps actuals, \u00e9s fonamental tenir una visi\u00f3 \u00e0mplia del dret per poder proporcionar una defensa adequada per a cada problem\u00e0tica. Totes les persones mereixen un tracte personalitzat, ja que cada cas t\u00e9 una particularitat espec\u00edfica i mereix ser analitzat com a tal.<\/span><\/strong> <\/p>\n\t\t\t\t\t\t\t\t<\/div>\n\t\t\t\t<\/div>\n\t\t\t\t\t<\/div>\n\t\t<\/div>\n\t\t\t\t\t<\/div>\n\t\t<\/section>\n\t\t\t\t<\/div>\n\t\t","protected":false},"excerpt":{"rendered":"<p>Sobre el nostre despatx Aitana S\u00e1nchez Advocats Aitana S\u00e1nchez Advocats \u00e9s un despatx fundat i dirigit per Aitana S\u00e1nchez Jim\u00e9nez-Pajarero. El despatx presta serveis a persones f\u00edsiques i jur\u00eddiques en diferents condicions i estats processals. Aix\u00ed mateix, \u00e9s destacable la seva activitat d&#8217;assessorament a particulars que estan desemparats davant d&#8217;errors o injust\u00edcies propiciades o comeses [&hellip;]<\/p>\n","protected":false},"author":4,"featured_media":0,"parent":0,"menu_order":0,"comment_status":"closed","ping_status":"closed","template":"elementor_header_footer","meta":{"footnotes":""},"class_list":["post-5292","page","type-page","status-publish","hentry"],"_links":{"self":[{"href":"https:\/\/aitanasanchez.es\/ca\/wp-json\/wp\/v2\/pages\/5292","targetHints":{"allow":["GET"]}}],"collection":[{"href":"https:\/\/aitanasanchez.es\/ca\/wp-json\/wp\/v2\/pages"}],"about":[{"href":"https:\/\/aitanasanchez.es\/ca\/wp-json\/wp\/v2\/types\/page"}],"author":[{"embeddable":true,"href":"https:\/\/aitanasanchez.es\/ca\/wp-json\/wp\/v2\/users\/4"}],"replies":[{"embeddable":true,"href":"https:\/\/aitanasanchez.es\/ca\/wp-json\/wp\/v2\/comments?post=5292"}],"version-history":[{"count":1,"href":"https:\/\/aitanasanchez.es\/ca\/wp-json\/wp\/v2\/pages\/5292\/revisions"}],"predecessor-version":[{"id":5293,"href":"https:\/\/aitanasanchez.es\/ca\/wp-json\/wp\/v2\/pages\/5292\/revisions\/5293"}],"wp:attachment":[{"href":"https:\/\/aitanasanchez.es\/ca\/wp-json\/wp\/v2\/media?parent=5292"}],"curies":[{"name":"wp","href":"https:\/\/api.w.org\/{rel}","templated":true}]}}