{"id":5294,"date":"2022-11-16T10:19:34","date_gmt":"2022-11-16T10:19:34","guid":{"rendered":"https:\/\/aitanasanchez.es\/aitana-sanchez-jimenez-pajarero\/"},"modified":"2024-07-02T09:13:56","modified_gmt":"2024-07-02T09:13:56","slug":"aitana-sanchez-jimenez-pajarero","status":"publish","type":"page","link":"https:\/\/aitanasanchez.es\/ca\/aitana-sanchez-jimenez-pajarero\/","title":{"rendered":"Aitana S\u00e1nchez Jim\u00e9nez-Pajarero"},"content":{"rendered":"\t\t<div data-elementor-type=\"wp-page\" data-elementor-id=\"5294\" class=\"elementor elementor-5294 elementor-88\" data-elementor-post-type=\"page\">\n\t\t\t\t\t\t<section class=\"elementor-section elementor-top-section elementor-element elementor-element-6aa24c04 elementor-section-boxed elementor-section-height-default elementor-section-height-default\" data-id=\"6aa24c04\" data-element_type=\"section\">\n\t\t\t\t\t\t<div class=\"elementor-container elementor-column-gap-default\">\n\t\t\t\t\t<div class=\"elementor-column elementor-col-100 elementor-top-column elementor-element elementor-element-336d44c2\" data-id=\"336d44c2\" data-element_type=\"column\">\n\t\t\t<div class=\"elementor-widget-wrap elementor-element-populated\">\n\t\t\t\t\t\t<div class=\"elementor-element elementor-element-795214cb elementor-widget elementor-widget-heading\" data-id=\"795214cb\" data-element_type=\"widget\" data-widget_type=\"heading.default\">\n\t\t\t\t<div class=\"elementor-widget-container\">\n\t\t\t\t\t<h4 class=\"elementor-heading-title elementor-size-default\">Especialista en Dret Sanitari i Penal<\/h4>\t\t\t\t<\/div>\n\t\t\t\t<\/div>\n\t\t\t\t<div class=\"elementor-element elementor-element-c04c11f elementor-widget elementor-widget-heading\" data-id=\"c04c11f\" data-element_type=\"widget\" data-widget_type=\"heading.default\">\n\t\t\t\t<div class=\"elementor-widget-container\">\n\t\t\t\t\t<h2 class=\"elementor-heading-title elementor-size-default\">Aitana S\u00e1nchez Jim\u00e9nez-Pajarero<\/h2>\t\t\t\t<\/div>\n\t\t\t\t<\/div>\n\t\t\t\t\t<\/div>\n\t\t<\/div>\n\t\t\t\t\t<\/div>\n\t\t<\/section>\n\t\t\t\t<section class=\"elementor-section elementor-top-section elementor-element elementor-element-3628c74b elementor-section-boxed elementor-section-height-default elementor-section-height-default\" data-id=\"3628c74b\" data-element_type=\"section\">\n\t\t\t\t\t\t<div class=\"elementor-container elementor-column-gap-default\">\n\t\t\t\t\t<div class=\"elementor-column elementor-col-50 elementor-top-column elementor-element elementor-element-5014749e\" data-id=\"5014749e\" data-element_type=\"column\">\n\t\t\t<div class=\"elementor-widget-wrap elementor-element-populated\">\n\t\t\t\t\t\t<div class=\"elementor-element elementor-element-417e7811 elementor-widget elementor-widget-image\" data-id=\"417e7811\" data-element_type=\"widget\" data-widget_type=\"image.default\">\n\t\t\t\t<div class=\"elementor-widget-container\">\n\t\t\t\t\t\t\t\t\t\t\t\t\t\t\t<img fetchpriority=\"high\" decoding=\"async\" width=\"2048\" height=\"1363\" src=\"https:\/\/aitanasanchez.es\/wp-content\/uploads\/2024\/03\/aitana-perfil-2048x1363.jpg\" class=\"attachment-2048x2048 size-2048x2048 wp-image-5247\" alt=\"\" srcset=\"https:\/\/aitanasanchez.es\/wp-content\/uploads\/2024\/03\/aitana-perfil-2048x1363.jpg 2048w, https:\/\/aitanasanchez.es\/wp-content\/uploads\/2024\/03\/aitana-perfil-300x200.jpg 300w, https:\/\/aitanasanchez.es\/wp-content\/uploads\/2024\/03\/aitana-perfil-1024x681.jpg 1024w, https:\/\/aitanasanchez.es\/wp-content\/uploads\/2024\/03\/aitana-perfil-768x511.jpg 768w, https:\/\/aitanasanchez.es\/wp-content\/uploads\/2024\/03\/aitana-perfil-1536x1022.jpg 1536w\" sizes=\"(max-width: 2048px) 100vw, 2048px\" \/>\t\t\t\t\t\t\t\t\t\t\t\t\t\t\t<\/div>\n\t\t\t\t<\/div>\n\t\t\t\t<div class=\"elementor-element elementor-element-8265b49 elementor-widget elementor-widget-heading\" data-id=\"8265b49\" data-element_type=\"widget\" data-widget_type=\"heading.default\">\n\t\t\t\t<div class=\"elementor-widget-container\">\n\t\t\t\t\t<h3 class=\"elementor-heading-title elementor-size-default\">Traject\u00f2ria professional<\/h3>\t\t\t\t<\/div>\n\t\t\t\t<\/div>\n\t\t\t\t<div class=\"elementor-element elementor-element-7cd05e8a elementor-widget elementor-widget-text-editor\" data-id=\"7cd05e8a\" data-element_type=\"widget\" data-widget_type=\"text-editor.default\">\n\t\t\t\t<div class=\"elementor-widget-container\">\n\t\t\t\t\t\t\t\t\t<p><strong><span style=\"color: #808080;\" data-sheets-value=\"{\"1\":2,\"2\":\"Desde que inici\u00e9 mis estudios de Derecho en la Universidad Pompeu Fabra comprend\u00ed que el sistema judicial no siempre ampara a todos por igual y que incluso puede mostrarse indiferente ante las vivencias particulares de muchas personas. Mi profesi\u00f3n nace de una vocaci\u00f3n de servicio a la ciudadan\u00eda y de una necesidad de corregir situaciones en las que los afectados se sienten impotentes frente la Administraci\u00f3n P\u00fablica.\\n\\nLa empat\u00eda, la solidaridad, el respeto y la coherencia son valores que practico en mi d\u00eda a d\u00eda, ya sea desde el perfil de la acusaci\u00f3n como desde la defensa. Para m\u00ed es prioritario el reconocimiento de los derechos de mis representados y el cumplimiento de la ley. Mi especialidad en Derecho Penal me ha permitido conocer casos muy complejos que para m\u00ed han sido grandes desaf\u00edos y me han permitido afianzarme en mis metas profesionales. En este contexto, la Psiquiatr\u00eda Forense y la Pol\u00edtica Criminal se me han presentado como grandes pasiones. A lo largo de mi carrera tambi\u00e9n he podido desarrollar mis habilidades argumentativas y de presentaci\u00f3n de casos en negligencias m\u00e9dicas, un campo que requiere extraordinaria sensibilidad para acercarse a los afectados y sus familiares. \\n\\nMientras hac\u00eda el M\u00e1ster en Pr\u00e1ctica Jur\u00eddica entre 2000 y 2002 en el Ilustre Colegio de Abogados de Barcelona, empec\u00e9 mi camino como abogada en el a\u00f1o 2001 en el despacho Melero &amp; Gene Advocats, especializado en Derecho Penal Econ\u00f3mico. \\n\\nLuego incursion\u00e9 en el Servicio de Turno de Oficio en el a\u00f1o 2002. All\u00ed ejerc\u00ed como defensora de ciudadanos con diferentes problem\u00e1ticas sociales y en casos muy complejos para los que la presunci\u00f3n de inocencia resulta fundamental. \\n\\nEntre 2006 y 2013 form\u00e9 parte del \u00e1rea penal del bufete Cuatrecasas Gon\u00e7alves Pereira.\\n\\nEn 2014, mi curiosidad por el incremento de delitos cibern\u00e9ticos me llev\u00f3 a hacer el M\u00e1ster en Derecho de la Sociedad de la Informaci\u00f3n en el Colegio de Abogados de Barcelona. De este modo pude profundizar en el tema y adentrarme en los programas de prevenci\u00f3n de delitos, tambi\u00e9n conocidos como Corporate Compliance.\\n\\nTambi\u00e9n en 2014 me asoci\u00e9 con el abogado Francesc Feliu Pamplona para crear el bufete Feliu S\u00e1nchez Advocats, especializado en negligencias m\u00e9dicas, accidentes de trabajo y derecho penal.\\n\\nEl bagaje acumulado y el amplio conocimiento del \u00e1mbito jur\u00eddico en diferentes especialidades me impulsa a tomar la decisi\u00f3n de abrir mi propio despacho en el a\u00f1o 2023. Un proyecto propio desde el cual puedo poner a disposici\u00f3n de la ciudadan\u00eda toda mi experiencia como abogada penalista Barcelona.\\n\\n \"}\" data-sheets-userformat=\"{\"2\":13249,\"3\":{\"1\":0},\"9\":0,\"10\":0,\"11\":4,\"12\":0,\"15\":\"Arial\",\"16\":11}\" data-sheets-textstyleruns=\"{\"1\":0}\uee10{\"1\":1751,\"2\":{\"2\":{\"1\":2,\"2\":16711680}}}\uee10{\"1\":1760}\uee10{\"1\":2442,\"2\":{\"2\":{\"1\":2,\"2\":15352629}}}\uee10{\"1\":2446}\">Des que va iniciar els estudis de Dret a la Universitat Pompeu Fabra, l&#8217;advocada Aitana S\u00e1nchez Jim\u00e9nez-Pajarero va comprendre que el sistema judicial no sempre empara tothom igual i que fins i tot es pot mostrar indiferent davant les viv\u00e8ncies particulars de moltes persones. <\/span><\/strong><\/p>\n<p><strong><span style=\"color: #808080;\" data-sheets-value=\"{\"1\":2,\"2\":\"Desde que inici\u00e9 mis estudios de Derecho en la Universidad Pompeu Fabra comprend\u00ed que el sistema judicial no siempre ampara a todos por igual y que incluso puede mostrarse indiferente ante las vivencias particulares de muchas personas. Mi profesi\u00f3n nace de una vocaci\u00f3n de servicio a la ciudadan\u00eda y de una necesidad de corregir situaciones en las que los afectados se sienten impotentes frente la Administraci\u00f3n P\u00fablica.\\n\\nLa empat\u00eda, la solidaridad, el respeto y la coherencia son valores que practico en mi d\u00eda a d\u00eda, ya sea desde el perfil de la acusaci\u00f3n como desde la defensa. Para m\u00ed es prioritario el reconocimiento de los derechos de mis representados y el cumplimiento de la ley. Mi especialidad en Derecho Penal me ha permitido conocer casos muy complejos que para m\u00ed han sido grandes desaf\u00edos y me han permitido afianzarme en mis metas profesionales. En este contexto, la Psiquiatr\u00eda Forense y la Pol\u00edtica Criminal se me han presentado como grandes pasiones. A lo largo de mi carrera tambi\u00e9n he podido desarrollar mis habilidades argumentativas y de presentaci\u00f3n de casos en negligencias m\u00e9dicas, un campo que requiere extraordinaria sensibilidad para acercarse a los afectados y sus familiares. \\n\\nMientras hac\u00eda el M\u00e1ster en Pr\u00e1ctica Jur\u00eddica entre 2000 y 2002 en el Ilustre Colegio de Abogados de Barcelona, empec\u00e9 mi camino como abogada en el a\u00f1o 2001 en el despacho Melero &amp; Gene Advocats, especializado en Derecho Penal Econ\u00f3mico. \\n\\nLuego incursion\u00e9 en el Servicio de Turno de Oficio en el a\u00f1o 2002. All\u00ed ejerc\u00ed como defensora de ciudadanos con diferentes problem\u00e1ticas sociales y en casos muy complejos para los que la presunci\u00f3n de inocencia resulta fundamental. \\n\\nEntre 2006 y 2013 form\u00e9 parte del \u00e1rea penal del bufete Cuatrecasas Gon\u00e7alves Pereira.\\n\\nEn 2014, mi curiosidad por el incremento de delitos cibern\u00e9ticos me llev\u00f3 a hacer el M\u00e1ster en Derecho de la Sociedad de la Informaci\u00f3n en el Colegio de Abogados de Barcelona. De este modo pude profundizar en el tema y adentrarme en los programas de prevenci\u00f3n de delitos, tambi\u00e9n conocidos como Corporate Compliance.\\n\\nTambi\u00e9n en 2014 me asoci\u00e9 con el abogado Francesc Feliu Pamplona para crear el bufete Feliu S\u00e1nchez Advocats, especializado en negligencias m\u00e9dicas, accidentes de trabajo y derecho penal.\\n\\nEl bagaje acumulado y el amplio conocimiento del \u00e1mbito jur\u00eddico en diferentes especialidades me impulsa a tomar la decisi\u00f3n de abrir mi propio despacho en el a\u00f1o 2023. Un proyecto propio desde el cual puedo poner a disposici\u00f3n de la ciudadan\u00eda toda mi experiencia como abogada penalista Barcelona.\\n\\n \"}\" data-sheets-userformat=\"{\"2\":13249,\"3\":{\"1\":0},\"9\":0,\"10\":0,\"11\":4,\"12\":0,\"15\":\"Arial\",\"16\":11}\" data-sheets-textstyleruns=\"{\"1\":0}\uee10{\"1\":1751,\"2\":{\"2\":{\"1\":2,\"2\":16711680}}}\uee10{\"1\":1760}\uee10{\"1\":2442,\"2\":{\"2\":{\"1\":2,\"2\":15352629}}}\uee10{\"1\":2446}\">Per aix\u00f2, la seva professi\u00f3 es veu marcada per una vocaci\u00f3 de servei a la ciutadania i una necessitat de corregir situacions en qu\u00e8 els afectats se senten impotents davant de l&#8217;Administraci\u00f3 P\u00fablica.<\/span><\/strong><\/p>\n<p><strong><span style=\"color: #808080;\">L&#8217;empatia, la solidaritat i el respecte s\u00f3n valors que practica en el dia a dia, ja sigui des del perfil de l&#8217;acusaci\u00f3 com des de la defensa.<\/span><\/strong><\/p>\n<p><strong><span style=\"color: #808080;\">Per a aquesta professional del dret \u00e9s prioritari el reconeixement dels drets dels seus representats i el compliment de la llei. La seva especialitat en Dret Penal li ha perm\u00e8s con\u00e8ixer casos molt complexos que han suposat grans desafiaments i li han perm\u00e8s consolidar-se en el gremi.<\/span><\/strong><\/p>\n<p><strong><span style=\"color: #808080;\">En aquest context, la Psiquiatria Forense i la Pol\u00edtica Criminal se li han presentat com a grans passions. <\/span><\/strong><\/p>\n\t\t\t\t\t\t\t\t<\/div>\n\t\t\t\t<\/div>\n\t\t\t\t\t<\/div>\n\t\t<\/div>\n\t\t\t\t<div class=\"elementor-column elementor-col-50 elementor-top-column elementor-element elementor-element-14a92913\" data-id=\"14a92913\" data-element_type=\"column\">\n\t\t\t<div class=\"elementor-widget-wrap elementor-element-populated\">\n\t\t\t\t\t\t<div class=\"elementor-element elementor-element-0ea1edf elementor-widget elementor-widget-text-editor\" data-id=\"0ea1edf\" data-element_type=\"widget\" data-widget_type=\"text-editor.default\">\n\t\t\t\t<div class=\"elementor-widget-container\">\n\t\t\t\t\t\t\t\t\t<p><strong><span style=\"color: #808080;\">Al llarg de la seva carrera tamb\u00e9 ha pogut desenvolupar les seves habilitats argumentatives i de presentaci\u00f3 de casos en neglig\u00e8ncies m\u00e8diques, un camp que requereix una extraordin\u00e0ria sensibilitat per acostar-se als afectats i als seus familiars.<\/span><\/strong><\/p>\n<p><strong><span style=\"color: #808080;\">Mentre feia el M\u00e0ster en Pr\u00e0ctica Jur\u00eddica entre 2000 i 2002 a l&#8217;Il\u00b7lustre Col\u00b7legi d&#8217;Advocats de Barcelona, va comen\u00e7ar el seu cam\u00ed com a advocada l&#8217;any 2001 al despatx Melero &amp; Gene Advocats, especialitzat en Dret Penal Econ\u00f2mic. Despr\u00e9s va entrar al Servei de Torn d&#8217;Ofici l&#8217;any 2002. All\u00e0 va exercir com a defensora de ciutadans amb diferents problem\u00e0tiques socials i en casos molt complexos per als quals la presumpci\u00f3 d&#8217;innoc\u00e8ncia \u00e9s fonamental.<\/span><\/strong><\/p>\n<p><strong><span style=\"color: #808080;\">Entre el 2006 i el 2013 va formar part de l&#8217;\u00e0rea penal del bufet Cuatrecasas Gon\u00e7alves Pereira.<\/span><\/strong><\/p>\n<p><strong><span style=\"color: #808080;\">El 2014, la seva curiositat per l&#8217;increment de delictes cibern\u00e8tics el va portar a fer el M\u00e0ster en Dret de la Societat de la Informaci\u00f3 al Col\u00b7legi d&#8217;Advocats de Barcelona. D&#8217;aquesta manera va poder aprofundir en el tema i endinsar-se en els programes de prevenci\u00f3 de delictes, tamb\u00e9 coneguts com a Corporate Compliance. Aquest mateix any va fundar el bufet Feliu S\u00e1nchez Advocats, especialitzat en neglig\u00e8ncies m\u00e8diques, accidents de treball i dret penal.<\/span><\/strong><\/p>\n<p><strong><span style=\"color: #808080;\">El bagatge acumulat i l&#8217;ampli coneixement de l&#8217;\u00e0mbit jur\u00eddic en diferents especialitats l&#8217;ha impulsat a prendre la decisi\u00f3 d&#8217;obrir el seu despatx l&#8217;any 2023. Un projecte propi, en companyia d&#8217;un equip de professionals que, des de les pr\u00f2pies visions del Dret, enriqueixen la feina d\u2019aquest despatx penalista a Barcelona.<\/span><\/strong><\/p>\n\t\t\t\t\t\t\t\t<\/div>\n\t\t\t\t<\/div>\n\t\t\t\t\t<\/div>\n\t\t<\/div>\n\t\t\t\t\t<\/div>\n\t\t<\/section>\n\t\t\t\t<section class=\"elementor-section elementor-top-section elementor-element elementor-element-b0387e3 elementor-section-boxed elementor-section-height-default elementor-section-height-default\" data-id=\"b0387e3\" data-element_type=\"section\">\n\t\t\t\t\t\t\t<div class=\"elementor-background-overlay\"><\/div>\n\t\t\t\t\t\t\t<div class=\"elementor-container elementor-column-gap-default\">\n\t\t\t\t\t<div class=\"elementor-column elementor-col-33 elementor-top-column elementor-element elementor-element-80f8a57\" data-id=\"80f8a57\" data-element_type=\"column\">\n\t\t\t<div class=\"elementor-widget-wrap elementor-element-populated\">\n\t\t\t\t\t\t<div class=\"elementor-element elementor-element-f67b3a5 elementor-widget elementor-widget-spacer\" data-id=\"f67b3a5\" data-element_type=\"widget\" data-widget_type=\"spacer.default\">\n\t\t\t\t<div class=\"elementor-widget-container\">\n\t\t\t\t\t\t\t<div class=\"elementor-spacer\">\n\t\t\t<div class=\"elementor-spacer-inner\"><\/div>\n\t\t<\/div>\n\t\t\t\t\t\t<\/div>\n\t\t\t\t<\/div>\n\t\t\t\t<div class=\"elementor-element elementor-element-011cab9 elementor-widget elementor-widget-icon-box\" data-id=\"011cab9\" data-element_type=\"widget\" data-widget_type=\"icon-box.default\">\n\t\t\t\t<div class=\"elementor-widget-container\">\n\t\t\t\t\t\t\t<div class=\"elementor-icon-box-wrapper\">\n\n\t\t\t\n\t\t\t\t\t\t<div class=\"elementor-icon-box-content\">\n\n\t\t\t\t\t\t\t\t\t<h4 class=\"elementor-icon-box-title\">\n\t\t\t\t\t\t<span  >\n\t\t\t\t\t\t\tEmpatia \t\t\t\t\t\t<\/span>\n\t\t\t\t\t<\/h4>\n\t\t\t\t\n\t\t\t\t\t\t\t\t\t<p class=\"elementor-icon-box-description\">\n\t\t\t\t\t\tPosar-se a la pell d'una altra persona per entendre les seves motivacions i preocupacions \u00e9s un punt de partida fonamental. \t\t\t\t\t<\/p>\n\t\t\t\t\n\t\t\t<\/div>\n\t\t\t\n\t\t<\/div>\n\t\t\t\t\t\t<\/div>\n\t\t\t\t<\/div>\n\t\t\t\t\t<\/div>\n\t\t<\/div>\n\t\t\t\t<div class=\"elementor-column elementor-col-33 elementor-top-column elementor-element elementor-element-118f7ad\" data-id=\"118f7ad\" data-element_type=\"column\">\n\t\t\t<div class=\"elementor-widget-wrap elementor-element-populated\">\n\t\t\t\t\t\t<div class=\"elementor-element elementor-element-b1b3e8e elementor-widget elementor-widget-spacer\" data-id=\"b1b3e8e\" data-element_type=\"widget\" data-widget_type=\"spacer.default\">\n\t\t\t\t<div class=\"elementor-widget-container\">\n\t\t\t\t\t\t\t<div class=\"elementor-spacer\">\n\t\t\t<div class=\"elementor-spacer-inner\"><\/div>\n\t\t<\/div>\n\t\t\t\t\t\t<\/div>\n\t\t\t\t<\/div>\n\t\t\t\t<div class=\"elementor-element elementor-element-0a38dd6 elementor-widget elementor-widget-icon-box\" data-id=\"0a38dd6\" data-element_type=\"widget\" data-widget_type=\"icon-box.default\">\n\t\t\t\t<div class=\"elementor-widget-container\">\n\t\t\t\t\t\t\t<div class=\"elementor-icon-box-wrapper\">\n\n\t\t\t\n\t\t\t\t\t\t<div class=\"elementor-icon-box-content\">\n\n\t\t\t\t\t\t\t\t\t<h4 class=\"elementor-icon-box-title\">\n\t\t\t\t\t\t<span  >\n\t\t\t\t\t\t\tIntegritat \t\t\t\t\t\t<\/span>\n\t\t\t\t\t<\/h4>\n\t\t\t\t\n\t\t\t\t\t\t\t\t\t<p class=\"elementor-icon-box-description\">\n\t\t\t\t\t\tEn l'exercici de la professi\u00f3 \u00e9s fonamental el Codi Deontol\u00f2gic que cobreix valors tan importants com la llibertat i la independ\u00e8ncia.\t\t\t\t\t<\/p>\n\t\t\t\t\n\t\t\t<\/div>\n\t\t\t\n\t\t<\/div>\n\t\t\t\t\t\t<\/div>\n\t\t\t\t<\/div>\n\t\t\t\t\t<\/div>\n\t\t<\/div>\n\t\t\t\t<div class=\"elementor-column elementor-col-33 elementor-top-column elementor-element elementor-element-713fcc6\" data-id=\"713fcc6\" data-element_type=\"column\">\n\t\t\t<div class=\"elementor-widget-wrap elementor-element-populated\">\n\t\t\t\t\t\t<div class=\"elementor-element elementor-element-add514a elementor-widget elementor-widget-spacer\" data-id=\"add514a\" data-element_type=\"widget\" data-widget_type=\"spacer.default\">\n\t\t\t\t<div class=\"elementor-widget-container\">\n\t\t\t\t\t\t\t<div class=\"elementor-spacer\">\n\t\t\t<div class=\"elementor-spacer-inner\"><\/div>\n\t\t<\/div>\n\t\t\t\t\t\t<\/div>\n\t\t\t\t<\/div>\n\t\t\t\t<div class=\"elementor-element elementor-element-ab04641 elementor-widget elementor-widget-icon-box\" data-id=\"ab04641\" data-element_type=\"widget\" data-widget_type=\"icon-box.default\">\n\t\t\t\t<div class=\"elementor-widget-container\">\n\t\t\t\t\t\t\t<div class=\"elementor-icon-box-wrapper\">\n\n\t\t\t\n\t\t\t\t\t\t<div class=\"elementor-icon-box-content\">\n\n\t\t\t\t\t\t\t\t\t<h4 class=\"elementor-icon-box-title\">\n\t\t\t\t\t\t<span  >\n\t\t\t\t\t\t\tDedicaci\u00f3 \t\t\t\t\t\t<\/span>\n\t\t\t\t\t<\/h4>\n\t\t\t\t\n\t\t\t\t\t\t\t\t\t<p class=\"elementor-icon-box-description\">\n\t\t\t\t\t\t<span style=\"letter-spacing: -0.15px\">El lliurament i la responsabilitat s\u00f3n caracter\u00edstiques que no poden faltar per trobar les vies de soluci\u00f3 m\u00e9s adequades en cada cas.<\/span><span style=\"letter-spacing: -0.15px\"><\/span>\t\t\t\t\t<\/p>\n\t\t\t\t\n\t\t\t<\/div>\n\t\t\t\n\t\t<\/div>\n\t\t\t\t\t\t<\/div>\n\t\t\t\t<\/div>\n\t\t\t\t\t<\/div>\n\t\t<\/div>\n\t\t\t\t\t<\/div>\n\t\t<\/section>\n\t\t\t\t<\/div>\n\t\t","protected":false},"excerpt":{"rendered":"<p>Especialista en Dret Sanitari i Penal Aitana S\u00e1nchez Jim\u00e9nez-Pajarero Traject\u00f2ria professional Des que va iniciar els estudis de Dret a la Universitat Pompeu Fabra, l&#8217;advocada Aitana S\u00e1nchez Jim\u00e9nez-Pajarero va comprendre que el sistema judicial no sempre empara tothom igual i que fins i tot es pot mostrar indiferent davant les viv\u00e8ncies particulars de moltes persones. [&hellip;]<\/p>\n","protected":false},"author":1,"featured_media":0,"parent":0,"menu_order":0,"comment_status":"closed","ping_status":"closed","template":"elementor_header_footer","meta":{"footnotes":""},"class_list":["post-5294","page","type-page","status-publish","hentry"],"_links":{"self":[{"href":"https:\/\/aitanasanchez.es\/ca\/wp-json\/wp\/v2\/pages\/5294","targetHints":{"allow":["GET"]}}],"collection":[{"href":"https:\/\/aitanasanchez.es\/ca\/wp-json\/wp\/v2\/pages"}],"about":[{"href":"https:\/\/aitanasanchez.es\/ca\/wp-json\/wp\/v2\/types\/page"}],"author":[{"embeddable":true,"href":"https:\/\/aitanasanchez.es\/ca\/wp-json\/wp\/v2\/users\/1"}],"replies":[{"embeddable":true,"href":"https:\/\/aitanasanchez.es\/ca\/wp-json\/wp\/v2\/comments?post=5294"}],"version-history":[{"count":1,"href":"https:\/\/aitanasanchez.es\/ca\/wp-json\/wp\/v2\/pages\/5294\/revisions"}],"predecessor-version":[{"id":5295,"href":"https:\/\/aitanasanchez.es\/ca\/wp-json\/wp\/v2\/pages\/5294\/revisions\/5295"}],"wp:attachment":[{"href":"https:\/\/aitanasanchez.es\/ca\/wp-json\/wp\/v2\/media?parent=5294"}],"curies":[{"name":"wp","href":"https:\/\/api.w.org\/{rel}","templated":true}]}}