{"id":6036,"date":"2024-05-16T15:29:02","date_gmt":"2024-05-16T13:29:02","guid":{"rendered":"https:\/\/aitanasanchez.es\/avis-legal\/"},"modified":"2024-10-22T14:19:43","modified_gmt":"2024-10-22T12:19:43","slug":"avis-legal","status":"publish","type":"page","link":"https:\/\/aitanasanchez.es\/ca\/avis-legal\/","title":{"rendered":"Av\u00eds Legal"},"content":{"rendered":"\t\t<div data-elementor-type=\"wp-page\" data-elementor-id=\"6036\" class=\"elementor elementor-6036 elementor-4778\" data-elementor-post-type=\"page\">\n\t\t\t\t\t\t<section class=\"elementor-section elementor-top-section elementor-element elementor-element-e4a2f62 elementor-section-boxed elementor-section-height-default elementor-section-height-default\" data-id=\"e4a2f62\" data-element_type=\"section\">\n\t\t\t\t\t\t<div class=\"elementor-container elementor-column-gap-default\">\n\t\t\t\t\t<div class=\"elementor-column elementor-col-100 elementor-top-column elementor-element elementor-element-a97f3fc\" data-id=\"a97f3fc\" data-element_type=\"column\">\n\t\t\t<div class=\"elementor-widget-wrap elementor-element-populated\">\n\t\t\t\t\t\t<div class=\"elementor-element elementor-element-bd8f5d7 elementor-widget elementor-widget-heading\" data-id=\"bd8f5d7\" data-element_type=\"widget\" data-widget_type=\"heading.default\">\n\t\t\t\t<div class=\"elementor-widget-container\">\n\t\t\t\t\t<h1 class=\"elementor-heading-title elementor-size-default\">Av\u00eds legal<\/h1>\t\t\t\t<\/div>\n\t\t\t\t<\/div>\n\t\t\t\t\t<\/div>\n\t\t<\/div>\n\t\t\t\t\t<\/div>\n\t\t<\/section>\n\t\t\t\t<section class=\"elementor-section elementor-top-section elementor-element elementor-element-9526707 elementor-section-boxed elementor-section-height-default elementor-section-height-default\" data-id=\"9526707\" data-element_type=\"section\">\n\t\t\t\t\t\t<div class=\"elementor-container elementor-column-gap-default\">\n\t\t\t\t\t<div class=\"elementor-column elementor-col-100 elementor-top-column elementor-element elementor-element-27d8227\" data-id=\"27d8227\" data-element_type=\"column\">\n\t\t\t<div class=\"elementor-widget-wrap elementor-element-populated\">\n\t\t\t\t\t\t<div class=\"elementor-element elementor-element-8d5763c elementor-widget elementor-widget-text-editor\" data-id=\"8d5763c\" data-element_type=\"widget\" data-widget_type=\"text-editor.default\">\n\t\t\t\t<div class=\"elementor-widget-container\">\n\t\t\t\t\t\t\t\t\t<p><span style=\"font-weight: 400;\">Gr\u00e0cies per visitar la web d&#8217;Aitana S\u00e1nchez Abogados.<\/span><\/p>\n<p><span style=\"font-weight: 400;\">Per donar compliment amb el que s&#8217;estableix en la Llei 34\/2002 d&#8217;11 de juliol de serveis de la societat de la informaci\u00f3 i de comer\u00e7 electr\u00f2nic, a continuaci\u00f3 s&#8217;indiquen les dades d&#8217;informaci\u00f3 general d&#8217;aquest lloc web.<\/span><\/p>\n<p><span style=\"font-weight: 400;\">AITANA S\u00c1NCHEZ ABOGADOS \u00e9s una persona individual amb domicili social en C\/Proven\u00e7a, 275 2n 1a, 08037, de Barcelona, tel\u00e8fon 937 04 27 42 i p\u00e0gina web www.aitanasanchez.es.<\/span><\/p>\n<p><span style=\"font-weight: 400;\">La utilitzaci\u00f3 del lloc web est\u00e0 subjecta a les seg\u00fcents condicions d&#8217;\u00fas. Li preguem que les llegeixi atentament. El fet d&#8217;accedir a la web i utilitzar els materials   <\/span><span style=\"font-weight: 400;\">implica que vost\u00e8 ha llegit i accepta, sense cap reserva, aquestes condicions:<\/span><\/p>\n\t\t\t\t\t\t\t\t<\/div>\n\t\t\t\t<\/div>\n\t\t\t\t<div class=\"elementor-element elementor-element-c1e7faf elementor-widget elementor-widget-heading\" data-id=\"c1e7faf\" data-element_type=\"widget\" data-widget_type=\"heading.default\">\n\t\t\t\t<div class=\"elementor-widget-container\">\n\t\t\t\t\t<h2 class=\"elementor-heading-title elementor-size-default\">1.- Condicions d'\u00fas<\/h2>\t\t\t\t<\/div>\n\t\t\t\t<\/div>\n\t\t\t\t<div class=\"elementor-element elementor-element-223d998 elementor-widget elementor-widget-text-editor\" data-id=\"223d998\" data-element_type=\"widget\" data-widget_type=\"text-editor.default\">\n\t\t\t\t<div class=\"elementor-widget-container\">\n\t\t\t\t\t\t\t\t\t<p><span style=\"font-weight: 400;\">El material contingut en la web no pot servir, en cap cas, de substitutiu de l&#8217;assessorament legal o d&#8217;una altra naturalesa. L&#8217;acc\u00e9s a aquest material no pret\u00e9n constituir ni implica cap relaci\u00f3 entre advocat i client, ni qualsevol altre tipus de relaci\u00f3 de confian\u00e7a o professional entre Aitana S\u00e1nchez Abogados <\/span><span style=\"font-weight: 400;\"> i l&#8217;usuari de la web. Per aix\u00f2, l&#8217;usuari no ha d&#8217;actuar sobre la base de la informaci\u00f3 continguda en aquestes, sense rec\u00f3rrer pr\u00e8viament al corresponent assessorament professional. <\/span><\/p>\n<p><span style=\"font-weight: 400;\">El lloc web cont\u00e9 material preparat per Aitana S\u00e1nchez Abogados amb finalitats \u00fanicament informatius. L&#8217;usuari ha de tenir en compte que tal material pogu\u00e9s no reflectir l&#8217;estat legislatiu o jurisprudencial m\u00e9s recent sobre les q\u00fcestions analitzades. Aix\u00ed mateix, aquest material pot ser modificat, desenvolupat o actualitzat sense notificaci\u00f3 pr\u00e8via.  <\/span><\/p>\n\t\t\t\t\t\t\t\t<\/div>\n\t\t\t\t<\/div>\n\t\t\t\t\t<\/div>\n\t\t<\/div>\n\t\t\t\t\t<\/div>\n\t\t<\/section>\n\t\t\t\t<section class=\"elementor-section elementor-top-section elementor-element elementor-element-9c8edd2 elementor-section-boxed elementor-section-height-default elementor-section-height-default\" data-id=\"9c8edd2\" data-element_type=\"section\">\n\t\t\t\t\t\t<div class=\"elementor-container elementor-column-gap-default\">\n\t\t\t\t\t<div class=\"elementor-column elementor-col-100 elementor-top-column elementor-element elementor-element-5b4e77d\" data-id=\"5b4e77d\" data-element_type=\"column\">\n\t\t\t<div class=\"elementor-widget-wrap elementor-element-populated\">\n\t\t\t\t\t\t<div class=\"elementor-element elementor-element-a13ba3b elementor-widget elementor-widget-heading\" data-id=\"a13ba3b\" data-element_type=\"widget\" data-widget_type=\"heading.default\">\n\t\t\t\t<div class=\"elementor-widget-container\">\n\t\t\t\t\t<h2 class=\"elementor-heading-title elementor-size-default\">2.- Limitaci\u00f3 de responsabilitat\n<\/h2>\t\t\t\t<\/div>\n\t\t\t\t<\/div>\n\t\t\t\t<div class=\"elementor-element elementor-element-3aa1f57 elementor-widget elementor-widget-text-editor\" data-id=\"3aa1f57\" data-element_type=\"widget\" data-widget_type=\"text-editor.default\">\n\t\t\t\t<div class=\"elementor-widget-container\">\n\t\t\t\t\t\t\t\t\t<p><span style=\"font-weight: 400;\">El lloc web cont\u00e9 material preparat per Aitana S\u00e1nchez Abogados amb finalitats \u00fanicament informatius. L&#8217;usuari ha de tenir en compte que tal material pogu\u00e9s no reflectir l&#8217;estat legislatiu o jurisprudencial m\u00e9s recent sobre les q\u00fcestions analitzades. Aix\u00ed mateix, aquest material pot ser modificat, desenvolupat o actualitzat sense notificaci\u00f3 pr\u00e8via.  <\/span><\/p>\n<p><span style=\"font-weight: 400;\">Aitana S\u00e1nchez Abogados no garanteix l&#8217;abs\u00e8ncia de virus o altres elements lesius que poguessin causar danys o alteracions en el sistema inform\u00e0tic, en els documents electr\u00f2nics o en els fitxers de l&#8217;usuari del lloc web. En conseq\u00fc\u00e8ncia, Aitana S\u00e1nchez Abogados. no respon pels danys i perjudicis que tals elements poguessin ocasionar a l&#8217;usuari o a tercers.   <\/span><\/p>\n\t\t\t\t\t\t\t\t<\/div>\n\t\t\t\t<\/div>\n\t\t\t\t<div class=\"elementor-element elementor-element-9cff5a0 elementor-widget elementor-widget-heading\" data-id=\"9cff5a0\" data-element_type=\"widget\" data-widget_type=\"heading.default\">\n\t\t\t\t<div class=\"elementor-widget-container\">\n\t\t\t\t\t<h2 class=\"elementor-heading-title elementor-size-default\">3.- Contacte<\/h2>\t\t\t\t<\/div>\n\t\t\t\t<\/div>\n\t\t\t\t<div class=\"elementor-element elementor-element-522dabe elementor-widget elementor-widget-text-editor\" data-id=\"522dabe\" data-element_type=\"widget\" data-widget_type=\"text-editor.default\">\n\t\t\t\t<div class=\"elementor-widget-container\">\n\t\t\t\t\t\t\t\t\t<p><span style=\"font-weight: 400;\">Els internautes poden utilitzar qualsevol dels seg\u00fcents mitjans per a dirigir qualsevol comunicaci\u00f3 a aquesta part:<\/span><\/p>\n<p><span style=\"font-weight: 400;\">Via telem\u00e0tica: a trav\u00e9s de la p\u00e0gina Contactar<\/span><\/p>\n<p><span style=\"font-weight: 400;\">Via telef\u00f2nica: 937 04 27 42<\/span><\/p>\n<p><span style=\"font-weight: 400;\">Via mail: aitana@aitanasanchez.es<\/span><\/p>\n\t\t\t\t\t\t\t\t<\/div>\n\t\t\t\t<\/div>\n\t\t\t\t<div class=\"elementor-element elementor-element-0fead38 elementor-widget elementor-widget-heading\" data-id=\"0fead38\" data-element_type=\"widget\" data-widget_type=\"heading.default\">\n\t\t\t\t<div class=\"elementor-widget-container\">\n\t\t\t\t\t<h2 class=\"elementor-heading-title elementor-size-default\">4.- Propietat Intel\u00b7lectual<\/h2>\t\t\t\t<\/div>\n\t\t\t\t<\/div>\n\t\t\t\t<div class=\"elementor-element elementor-element-3c2e7cc elementor-widget elementor-widget-text-editor\" data-id=\"3c2e7cc\" data-element_type=\"widget\" data-widget_type=\"text-editor.default\">\n\t\t\t\t<div class=\"elementor-widget-container\">\n\t\t\t\t\t\t\t\t\t<p><span style=\"font-weight: 400;\">L&#8217;\u00fas d&#8217;aquesta web pressuposa el coneixement que cont\u00e9 informacions, comunicacions, fotografies, gr\u00e0fics, imatges, programari i altres materials i serveis, aix\u00ed com que el seu disseny i codis font, s\u00f3n propietat intel\u00b7lectual Aitana S\u00e1nchez Abogados. L&#8217;Usuari d&#8217;aquesta web est\u00e0 d&#8217;acord i coneix que Aitana S\u00e1nchez Abogados permet l&#8217;acc\u00e9s a aquest contingut, per\u00f2 que el mateix es troba protegit per les lleis de propietat intel\u00b7lectual i industrial (d&#8217;ara endavant \u201cels Drets\u201d), aix\u00ed com que aquests Drets s\u00f3n v\u00e0lids i estan protegits en tots els mitjans existents en l&#8217;actualitat o que es desenvolupin en un futur. L&#8217;Usuari accepta que l&#8217;\u00fas del contingut est\u00e0 subjecte i es regeix per aquestes normes a m\u00e9s de per els drets aix\u00ed com per les lleis de la propietat privada aplicables.  <\/span><\/p>\n\t\t\t\t\t\t\t\t<\/div>\n\t\t\t\t<\/div>\n\t\t\t\t<div class=\"elementor-element elementor-element-9f86fd5 elementor-widget elementor-widget-heading\" data-id=\"9f86fd5\" data-element_type=\"widget\" data-widget_type=\"heading.default\">\n\t\t\t\t<div class=\"elementor-widget-container\">\n\t\t\t\t\t<h2 class=\"elementor-heading-title elementor-size-default\">5.- Pol\u00edtica de privacitat i protecci\u00f3 de dades<\/h2>\t\t\t\t<\/div>\n\t\t\t\t<\/div>\n\t\t\t\t<div class=\"elementor-element elementor-element-8717b44 elementor-widget elementor-widget-text-editor\" data-id=\"8717b44\" data-element_type=\"widget\" data-widget_type=\"text-editor.default\">\n\t\t\t\t<div class=\"elementor-widget-container\">\n\t\t\t\t\t\t\t\t\t<p><span style=\"font-weight: 400;\">Aitana S\u00e1nchez Abogados compleix \u00edntegrament amb la legislaci\u00f3 vigent en mat\u00e8ria de protecci\u00f3 de dades de car\u00e0cter personal, i amb els compromisos de confidencialitat propis de l&#8217;activitat que duu a terme.<\/span><span style=\"font-weight: 400;\"> <\/span><\/p>\n<p><span style=\"font-weight: 400;\">Aitana S\u00e1nchez Abogados garanteix que tractar\u00e0 les dades de car\u00e0cter personal que li siguin facilitats pels usuaris d&#8217;aquesta web a trav\u00e9s dels formularis que es proporcionen en aquest.<\/span><\/p>\n<p><span style=\"font-weight: 400;\">Aitana S\u00e1nchez Abogados ha adoptat les mesures necess\u00e0ries per a mantenir el nivell de seguretat requerit, segons la naturalesa de les dades personals tractats i les circumst\u00e0ncies del tractament, amb l&#8217;objectiu d&#8217;evitar, en la mesura que sigui possible i segons l&#8217;estat de la t\u00e8cnica, l&#8217;alteraci\u00f3, la p\u00e8rdua, el tractament o l&#8217;acc\u00e9s no autoritzat.<\/span><\/p>\n<p><span style=\"font-weight: 400;\">El present av\u00eds legal es regeix en tots i cadascun dels seus extrems per la llei espanyola.<\/span><span style=\"font-weight: 400;\"> <\/span><\/p>\n<p><span style=\"font-weight: 400;\">Barcelona, abril 2024<\/span><\/p>\n\t\t\t\t\t\t\t\t<\/div>\n\t\t\t\t<\/div>\n\t\t\t\t\t<\/div>\n\t\t<\/div>\n\t\t\t\t\t<\/div>\n\t\t<\/section>\n\t\t\t\t<\/div>\n\t\t","protected":false},"excerpt":{"rendered":"<p>Av\u00eds legal Gr\u00e0cies per visitar la web d&#8217;Aitana S\u00e1nchez Abogados. Per donar compliment amb el que s&#8217;estableix en la Llei 34\/2002 d&#8217;11 de juliol de serveis de la societat de la informaci\u00f3 i de comer\u00e7 electr\u00f2nic, a continuaci\u00f3 s&#8217;indiquen les dades d&#8217;informaci\u00f3 general d&#8217;aquest lloc web. AITANA S\u00c1NCHEZ ABOGADOS \u00e9s una persona individual amb domicili [&hellip;]<\/p>\n","protected":false},"author":3,"featured_media":0,"parent":0,"menu_order":0,"comment_status":"closed","ping_status":"closed","template":"","meta":{"footnotes":""},"class_list":["post-6036","page","type-page","status-publish","hentry"],"_links":{"self":[{"href":"https:\/\/aitanasanchez.es\/ca\/wp-json\/wp\/v2\/pages\/6036","targetHints":{"allow":["GET"]}}],"collection":[{"href":"https:\/\/aitanasanchez.es\/ca\/wp-json\/wp\/v2\/pages"}],"about":[{"href":"https:\/\/aitanasanchez.es\/ca\/wp-json\/wp\/v2\/types\/page"}],"author":[{"embeddable":true,"href":"https:\/\/aitanasanchez.es\/ca\/wp-json\/wp\/v2\/users\/3"}],"replies":[{"embeddable":true,"href":"https:\/\/aitanasanchez.es\/ca\/wp-json\/wp\/v2\/comments?post=6036"}],"version-history":[{"count":3,"href":"https:\/\/aitanasanchez.es\/ca\/wp-json\/wp\/v2\/pages\/6036\/revisions"}],"predecessor-version":[{"id":6039,"href":"https:\/\/aitanasanchez.es\/ca\/wp-json\/wp\/v2\/pages\/6036\/revisions\/6039"}],"wp:attachment":[{"href":"https:\/\/aitanasanchez.es\/ca\/wp-json\/wp\/v2\/media?parent=6036"}],"curies":[{"name":"wp","href":"https:\/\/api.w.org\/{rel}","templated":true}]}}